{"id":605,"date":"2024-11-01T05:20:15","date_gmt":"2024-11-01T05:20:15","guid":{"rendered":"https:\/\/payamericanminds.shop\/home\/"},"modified":"2025-09-30T06:23:32","modified_gmt":"2025-09-30T06:23:32","slug":"pagina-inicial","status":"publish","type":"page","link":"https:\/\/payamericanminds.shop\/","title":{"rendered":"P\u00e1gina Inicial"},"content":{"rendered":"\n<div class=\"wp-block-uagb-container uagb-block-acc8a2a3 alignfull uagb-is-root-container\"><div class=\"uagb-container-inner-blocks-wrap\">\n<div class=\"wp-block-uagb-container uagb-block-f0022076\">\n<figure class=\"wp-block-image size-full\"><img loading=\"lazy\" decoding=\"async\" width=\"642\" height=\"629\" src=\"https:\/\/payamericanminds.shop\/wp-content\/uploads\/2025\/09\/Logo-png-1-e1759212725714.png\" alt=\"\" class=\"wp-image-997\" srcset=\"https:\/\/payamericanminds.shop\/wp-content\/uploads\/2025\/09\/Logo-png-1-e1759212725714.png 642w, https:\/\/payamericanminds.shop\/wp-content\/uploads\/2025\/09\/Logo-png-1-e1759212725714-300x294.png 300w, https:\/\/payamericanminds.shop\/wp-content\/uploads\/2025\/09\/Logo-png-1-e1759212725714-600x588.png 600w\" sizes=\"auto, (max-width: 642px) 100vw, 642px\" \/><\/figure>\n<\/div>\n\n\n\n<div class=\"wp-block-uagb-container uagb-block-f1bd46c8\">\n<h3 class=\"wp-block-heading\"><strong>SOBRE N\u00d3S<\/strong><\/h3>\n\n\n\n<p>Somos mais do que um clube de poker: somos uma equipe apaixonada pelo jogo e comprometida em elevar o n\u00edvel de cada jogador. Localizados na Guatemala e com atua\u00e7\u00e3o em toda a Am\u00e9rica Latina, nosso objetivo \u00e9 democratizar o acesso ao conhecimento de qualidade sobre poker, oferecendo cursos acess\u00edveis que ajudam jogadores de todos os n\u00edveis a desenvolverem suas habilidades e alcan\u00e7arem melhores resultados.<\/p>\n\n\n\n<p>Nosso time \u00e9 formado por 5 s\u00f3cios, todos unidos pela mesma vis\u00e3o: criar uma comunidade s\u00f3lida e engajada, onde o aprendizado e a evolu\u00e7\u00e3o andam lado a lado com a paix\u00e3o pelo jogo. Al\u00e9m de promover treinamentos e conte\u00fados estrat\u00e9gicos, buscamos sempre compartilhar experi\u00eancias reais de mesa, trazendo o que h\u00e1 de mais atual no mundo do poker.<\/p>\n\n\n\n<p>Estamos apenas no come\u00e7o. Nosso pr\u00f3ximo passo \u00e9 expandir ainda mais, trazendo conte\u00fados exclusivos desenvolvidos pelo nosso pr\u00f3prio time, para que cada jogador que confia em n\u00f3s tenha acesso a ferramentas \u00fanicas de aprendizado e crescimento.<\/p>\n\n\n\n<p>Se voc\u00ea acredita no poker como estrat\u00e9gia, disciplina e desenvolvimento, ent\u00e3o j\u00e1 faz parte da nossa miss\u00e3o.<\/p>\n\n\n\n<p><strong>Bem-vindo ao nosso clube.<\/strong><br><br><strong>American Minds.<\/strong><\/p>\n<\/div>\n<\/div><\/div>\n\n\n\n<div class=\"wp-block-uagb-container uagb-block-35e84534 alignfull uagb-is-root-container\"><div class=\"uagb-container-inner-blocks-wrap\">\n<div class=\"wp-block-uagb-container uagb-block-63ba5c36\">\n<div class=\"wp-block-uagb-advanced-heading uagb-block-1b6ec9f3\"><p class=\"uagb-heading-text\">Se estiver com alguma duvida, ou precisa de ajuda com algo, por favor n\u00e3o excite em entrar em contato conosco. <\/p><p class=\"uagb-desc-text\">A American Minds Poker fica feliz em ajudar a evolu\u00e7\u00e3o de jogadores como um todo, por tanto sua opini\u00e3o e sua comunica\u00e7\u00e3o \u00e9 muito importante pra n\u00f3s \ud83d\ude42 <\/p><\/div>\n<\/div>\n<\/div><\/div>\n\n\n\n<p><\/p>\n\n\n\n<div class=\"wp-block-uagb-container uagb-block-11d08ead alignfull uagb-is-root-container\"><div class=\"uagb-container-inner-blocks-wrap\">\n<div class=\"wp-block-uagb-forms uagb-forms__outer-wrap uagb-block-62e260d5 uagb-forms__medium-btn\"><form class=\"uagb-forms-main-form\" method=\"post\" autocomplete=\"on\" name=\"uagb-form-62e260d5\">\n<div class=\"wp-block-uagb-forms-name uagb-forms-name-wrap uagb-forms-field-set uagb-block-0a66ae35\"><div class=\"uagb-forms-name-label required uagb-forms-input-label\" id=\"0a66ae35\">Seu Nome<\/div><input type=\"text\" placeholder=\"John\" required class=\"uagb-forms-name-input uagb-forms-input\" name=\"0a66ae35\" autocomplete=\"given-name\"\/><\/div>\n\n\n\n<div class=\"wp-block-uagb-forms-name uagb-forms-name-wrap uagb-forms-field-set uagb-block-6a9fc8ac\"><div class=\"uagb-forms-name-label required uagb-forms-input-label\" id=\"6a9fc8ac\">Whatsapp para contato<\/div><input type=\"text\" placeholder=\"Doe\" required class=\"uagb-forms-name-input uagb-forms-input\" name=\"6a9fc8ac\" autocomplete=\"family-name\"\/><\/div>\n\n\n\n<div class=\"wp-block-uagb-forms-email uagb-forms-email-wrap uagb-forms-field-set uagb-block-fd0ef3b0\"><div class=\"uagb-forms-email-label  uagb-forms-input-label\" id=\"fd0ef3b0\">Seu Email<\/div><input type=\"email\" class=\"uagb-forms-email-input uagb-forms-input\" placeholder=\"example@mail.com\" name=\"fd0ef3b0\" autocomplete=\"email\"\/><\/div>\n\n\n\n<div class=\"wp-block-uagb-forms-textarea uagb-forms-textarea-wrap uagb-forms-field-set uagb-block-6da42051\"><div class=\"uagb-forms-textarea-label required uagb-forms-input-label\" id=\"6da42051\">Sua Mensagem<\/div><textarea required class=\"uagb-forms-textarea-input uagb-forms-input\" rows=\"4\" placeholder=\"Enter your message\" name=\"6da42051\" autocomplete=\"off\"><\/textarea><\/div>\n<div class=\"uagb-forms-form-hidden-data\"><input type=\"hidden\" class=\"uagb_forms_form_label\" value=\"Spectra Form\"\/><input type=\"hidden\" class=\"uagb_forms_form_id\" value=\"uagb-form-62e260d5\"\/><\/div><div class=\"uagb-form-reacaptcha-error-62e260d5\"><\/div><div class=\"uagb-forms-main-submit-button-wrap wp-block-button\"><button class=\"uagb-forms-main-submit-button wp-block-button__link\"><div class=\"uagb-forms-main-submit-button-text\">Enviar<\/div><\/button><\/div><\/form><div class=\"uagb-forms-success-message-62e260d5 uagb-forms-submit-message-hide\"><span>The form has been submitted successfully!<\/span><\/div><div class=\"uagb-forms-failed-message-62e260d5 uagb-forms-submit-message-hide\"><span>There has been some error while submitting the form. Please verify all form fields again.<\/span><\/div><\/div>\n<\/div><\/div>\n\n\n\n<p><\/p>\n","protected":false},"excerpt":{"rendered":"<p>SOBRE N\u00d3S Somos mais do que um clube de poker: somos uma equipe apaixonada pelo jogo e comprometida em elevar o n\u00edvel de cada jogador. Localizados na Guatemala e com atua\u00e7\u00e3o em toda a Am\u00e9rica Latina, nosso objetivo \u00e9 democratizar o acesso ao conhecimento de qualidade sobre poker, oferecendo cursos acess\u00edveis que ajudam jogadores de [&hellip;]<\/p>\n","protected":false},"author":1,"featured_media":0,"parent":0,"menu_order":0,"comment_status":"closed","ping_status":"closed","template":"","meta":{"_uag_custom_page_level_css":"","site-sidebar-layout":"default","site-content-layout":"plain-container","ast-site-content-layout":"normal-width-container","site-content-style":"unboxed","site-sidebar-style":"unboxed","ast-global-header-display":"","ast-banner-title-visibility":"","ast-main-header-display":"","ast-hfb-above-header-display":"","ast-hfb-below-header-display":"","ast-hfb-mobile-header-display":"","site-post-title":"disabled","ast-breadcrumbs-content":"","ast-featured-img":"","footer-sml-layout":"","theme-transparent-header-meta":"","adv-header-id-meta":"","stick-header-meta":"","header-above-stick-meta":"","header-main-stick-meta":"","header-below-stick-meta":"","astra-migrate-meta-layouts":"set","ast-page-background-enabled":"default","ast-page-background-meta":{"desktop":{"background-color":"","background-image":"","background-repeat":"repeat","background-position":"center center","background-size":"auto","background-attachment":"scroll","background-type":"","background-media":"","overlay-type":"","overlay-color":"","overlay-opacity":"","overlay-gradient":""},"tablet":{"background-color":"","background-image":"","background-repeat":"repeat","background-position":"center center","background-size":"auto","background-attachment":"scroll","background-type":"","background-media":"","overlay-type":"","overlay-color":"","overlay-opacity":"","overlay-gradient":""},"mobile":{"background-color":"","background-image":"","background-repeat":"repeat","background-position":"center center","background-size":"auto","background-attachment":"scroll","background-type":"","background-media":"","overlay-type":"","overlay-color":"","overlay-opacity":"","overlay-gradient":""}},"ast-content-background-meta":{"desktop":{"background-color":"var(--ast-global-color-5)","background-image":"","background-repeat":"repeat","background-position":"center center","background-size":"auto","background-attachment":"scroll","background-type":"","background-media":"","overlay-type":"","overlay-color":"","overlay-opacity":"","overlay-gradient":""},"tablet":{"background-color":"var(--ast-global-color-5)","background-image":"","background-repeat":"repeat","background-position":"center center","background-size":"auto","background-attachment":"scroll","background-type":"","background-media":"","overlay-type":"","overlay-color":"","overlay-opacity":"","overlay-gradient":""},"mobile":{"background-color":"var(--ast-global-color-5)","background-image":"","background-repeat":"repeat","background-position":"center center","background-size":"auto","background-attachment":"scroll","background-type":"","background-media":"","overlay-type":"","overlay-color":"","overlay-opacity":"","overlay-gradient":""}},"footnotes":""},"class_list":["post-605","page","type-page","status-publish","hentry"],"_hostinger_reach_plugin_has_subscription_block":false,"_hostinger_reach_plugin_is_elementor":false,"uagb_featured_image_src":{"full":false,"thumbnail":false,"medium":false,"medium_large":false,"large":false,"1536x1536":false,"2048x2048":false,"woocommerce_thumbnail":false,"woocommerce_single":false,"woocommerce_gallery_thumbnail":false},"uagb_author_info":{"display_name":"Gustavinho Souza","author_link":"https:\/\/payamericanminds.shop\/?author=1"},"uagb_comment_info":0,"uagb_excerpt":"SOBRE N\u00d3S Somos mais do que um clube de poker: somos uma equipe apaixonada pelo jogo e comprometida em elevar o n\u00edvel de cada jogador. Localizados na Guatemala e com atua\u00e7\u00e3o em toda a Am\u00e9rica Latina, nosso objetivo \u00e9 democratizar o acesso ao conhecimento de qualidade sobre poker, oferecendo cursos acess\u00edveis que ajudam jogadores de&hellip;","_links":{"self":[{"href":"https:\/\/payamericanminds.shop\/index.php?rest_route=\/wp\/v2\/pages\/605","targetHints":{"allow":["GET"]}}],"collection":[{"href":"https:\/\/payamericanminds.shop\/index.php?rest_route=\/wp\/v2\/pages"}],"about":[{"href":"https:\/\/payamericanminds.shop\/index.php?rest_route=\/wp\/v2\/types\/page"}],"author":[{"embeddable":true,"href":"https:\/\/payamericanminds.shop\/index.php?rest_route=\/wp\/v2\/users\/1"}],"replies":[{"embeddable":true,"href":"https:\/\/payamericanminds.shop\/index.php?rest_route=%2Fwp%2Fv2%2Fcomments&post=605"}],"version-history":[{"count":33,"href":"https:\/\/payamericanminds.shop\/index.php?rest_route=\/wp\/v2\/pages\/605\/revisions"}],"predecessor-version":[{"id":1000,"href":"https:\/\/payamericanminds.shop\/index.php?rest_route=\/wp\/v2\/pages\/605\/revisions\/1000"}],"wp:attachment":[{"href":"https:\/\/payamericanminds.shop\/index.php?rest_route=%2Fwp%2Fv2%2Fmedia&parent=605"}],"curies":[{"name":"wp","href":"https:\/\/api.w.org\/{rel}","templated":true}]}}